{"id":1692,"date":"2026-02-25T17:02:11","date_gmt":"2026-02-25T17:02:11","guid":{"rendered":"https:\/\/pantr.ch\/?page_id=1692"},"modified":"2026-04-01T07:12:47","modified_gmt":"2026-04-01T07:12:47","slug":"impressum","status":"publish","type":"page","link":"https:\/\/pantr.ch\/en\/impressum\/","title":{"rendered":"Imprint"},"content":{"rendered":"<p dir=\"ltr\" style=\"line-height: 1.38; margin-top: 0pt; margin-bottom: 0pt;\"><strong>Pantr GmbH<\/strong><\/p>\n<p dir=\"ltr\" style=\"line-height: 1.38; margin-top: 0pt; margin-bottom: 0pt;\">Bahnhofstrasse 7<\/p>\n<p dir=\"ltr\" style=\"line-height: 1.38; margin-top: 0pt; margin-bottom: 0pt;\">6300 Zug<\/p>\n<p dir=\"ltr\" style=\"line-height: 1.38; margin-top: 0pt; margin-bottom: 0pt;\">Schweiz<\/p>\n<p dir=\"ltr\" style=\"line-height: 1.38; margin-top: 0pt; margin-bottom: 0pt;\">E-Mail: <a href=\"mailto:info@pantr.ch\">info@pantr.ch<\/a><\/p>\n<p dir=\"ltr\" style=\"line-height: 1.38; margin-top: 0pt; margin-bottom: 0pt;\">Telefon: <a href=\"http:\/\/+41 520 14 00\">+41 520 14 00<\/a><\/p>\n<p><b style=\"font-weight: normal;\">\u00a0<\/b><\/p>\n<p dir=\"ltr\" style=\"line-height: 1.38; margin-top: 0pt; margin-bottom: 0pt;\">Vertreten durch die Gesch\u00e4ftsf\u00fchrung<\/p>\n<p dir=\"ltr\" style=\"line-height: 1.38; margin-top: 0pt; margin-bottom: 0pt;\">Eingetragen im Handelsregister des Kantons Zug<\/p>\n<p><b style=\"font-weight: normal;\">\u00a0<\/b><\/p>\n<p dir=\"ltr\" style=\"line-height: 1.38; margin-top: 0pt; margin-bottom: 0pt;\">Handelsregisternummer: CHE-325.013.948<\/p>\n<p dir=\"ltr\" style=\"line-height: 1.38; margin-top: 0pt; margin-bottom: 0pt;\">Mehrwertsteuernummer: in Anmeldung<\/p>\n<p><b style=\"font-weight: normal;\">\u00a0<\/b><\/p>\n<p dir=\"ltr\" style=\"line-height: 1.38; margin-top: 0pt; margin-bottom: 0pt;\">Haftungsausschluss<\/p>\n<p dir=\"ltr\" style=\"line-height: 1.38; margin-top: 0pt; margin-bottom: 0pt;\">Die Inhalte dieser Website wurden mit gr\u00f6sster Sorgfalt erstellt. F\u00fcr die Richtigkeit, Vollst\u00e4ndigkeit und Aktualit\u00e4t der Inhalte \u00fcbernehmen wir keine Gew\u00e4hr. Trotz sorgf\u00e4ltiger Kontrolle \u00fcbernehmen wir keine Haftung f\u00fcr Inhalte externer Links. F\u00fcr den Inhalt der verlinkten Seiten sind ausschliesslich deren Betreiber verantwortlich.<\/p>\n<p><b style=\"font-weight: normal;\">\u00a0<\/b><\/p>\n<p dir=\"ltr\" style=\"line-height: 1.38; margin-top: 0pt; margin-bottom: 0pt;\">Urheberrechte<\/p>\n<p dir=\"ltr\" style=\"line-height: 1.38; margin-top: 0pt; margin-bottom: 0pt;\">Die Inhalte und Werke auf dieser Website unterliegen dem schweizerischen Urheberrecht. Jede Vervielf\u00e4ltigung, Bearbeitung oder Verbreitung bedarf der schriftlichen Zustimmung der Pantr GmbH.<\/p>\n<p dir=\"ltr\" style=\"line-height: 1.38; margin-top: 0pt; margin-bottom: 0pt;\">Data Protection<br \/>Informationen zur Verarbeitung personenbezogener Daten finden Sie in unserer Datenschutzerkl\u00e4rung.<\/p>\n<p>\u00a0<\/p>","protected":false},"excerpt":{"rendered":"<p>Pantr GmbH Bahnhofstrasse 7 6300 Zug Schweiz E-Mail: info@pantr.ch Telefon: +41 520 14 00 \u00a0 Vertreten durch die Gesch\u00e4ftsf\u00fchrung Eingetragen im Handelsregister des Kantons Zug \u00a0 Handelsregisternummer: CHE-325.013.948 Mehrwertsteuernummer: in Anmeldung \u00a0 Haftungsausschluss Die Inhalte dieser Website wurden mit gr\u00f6sster Sorgfalt erstellt. F\u00fcr die Richtigkeit, Vollst\u00e4ndigkeit und Aktualit\u00e4t der Inhalte \u00fcbernehmen wir keine Gew\u00e4hr. Trotz<\/p>","protected":false},"author":2,"featured_media":0,"parent":0,"menu_order":0,"comment_status":"closed","ping_status":"closed","template":"elementor_header_footer","meta":{"_uag_custom_page_level_css":"","solace_meta_sidebar":"","solace_meta_container":"","solace_meta_enable_content_width":"","solace_meta_content_width":0,"solace_meta_title_alignment":"","solace_meta_author_avatar":"","solace_post_elements_order":"","solace_meta_disable_header":"","solace_meta_disable_footer":"","solace_meta_disable_title":"","footnotes":""},"class_list":["post-1692","page","type-page","status-publish","hentry"],"yoast_head":"<!-- This site is optimized with the Yoast SEO plugin v27.5 - https:\/\/yoast.com\/product\/yoast-seo-wordpress\/ -->\n<title>Impressum - pantr.ch<\/title>\n<meta name=\"robots\" content=\"index, follow, max-snippet:-1, max-image-preview:large, max-video-preview:-1\" \/>\n<link rel=\"canonical\" href=\"https:\/\/pantr.ch\/en\/impressum\/\" \/>\n<meta property=\"og:locale\" content=\"en_US\" \/>\n<meta property=\"og:type\" content=\"article\" \/>\n<meta property=\"og:title\" content=\"Impressum - pantr.ch\" \/>\n<meta property=\"og:description\" content=\"Pantr GmbH Bahnhofstrasse 7 6300 Zug Schweiz E-Mail: info@pantr.ch Telefon: +41 520 14 00 \u00a0 Vertreten durch die Gesch\u00e4ftsf\u00fchrung Eingetragen im Handelsregister des Kantons Zug \u00a0 Handelsregisternummer: CHE-325.013.948 Mehrwertsteuernummer: in Anmeldung \u00a0 Haftungsausschluss Die Inhalte dieser Website wurden mit gr\u00f6sster Sorgfalt erstellt. F\u00fcr die Richtigkeit, Vollst\u00e4ndigkeit und Aktualit\u00e4t der Inhalte \u00fcbernehmen wir keine Gew\u00e4hr. Trotz\" \/>\n<meta property=\"og:url\" content=\"https:\/\/pantr.ch\/en\/impressum\/\" \/>\n<meta property=\"og:site_name\" content=\"pantr.ch\" \/>\n<meta property=\"article:modified_time\" content=\"2026-04-01T07:12:47+00:00\" \/>\n<meta name=\"twitter:card\" content=\"summary_large_image\" \/>\n<meta name=\"twitter:label1\" content=\"Est. reading time\" \/>\n\t<meta name=\"twitter:data1\" content=\"1 minute\" \/>\n<script type=\"application\/ld+json\" class=\"yoast-schema-graph\">{\"@context\":\"https:\\\/\\\/schema.org\",\"@graph\":[{\"@type\":\"WebPage\",\"@id\":\"https:\\\/\\\/pantr.ch\\\/impressum\\\/\",\"url\":\"https:\\\/\\\/pantr.ch\\\/impressum\\\/\",\"name\":\"Impressum - pantr.ch\",\"isPartOf\":{\"@id\":\"https:\\\/\\\/pantr.ch\\\/#website\"},\"datePublished\":\"2026-02-25T17:02:11+00:00\",\"dateModified\":\"2026-04-01T07:12:47+00:00\",\"breadcrumb\":{\"@id\":\"https:\\\/\\\/pantr.ch\\\/impressum\\\/#breadcrumb\"},\"inLanguage\":\"en-US\",\"potentialAction\":[{\"@type\":\"ReadAction\",\"target\":[\"https:\\\/\\\/pantr.ch\\\/impressum\\\/\"]}]},{\"@type\":\"BreadcrumbList\",\"@id\":\"https:\\\/\\\/pantr.ch\\\/impressum\\\/#breadcrumb\",\"itemListElement\":[{\"@type\":\"ListItem\",\"position\":1,\"name\":\"Start\",\"item\":\"https:\\\/\\\/pantr.ch\\\/\"},{\"@type\":\"ListItem\",\"position\":2,\"name\":\"Impressum\"}]},{\"@type\":\"WebSite\",\"@id\":\"https:\\\/\\\/pantr.ch\\\/#website\",\"url\":\"https:\\\/\\\/pantr.ch\\\/\",\"name\":\"pantr.ch\",\"description\":\"\",\"publisher\":{\"@id\":\"https:\\\/\\\/pantr.ch\\\/#organization\"},\"potentialAction\":[{\"@type\":\"SearchAction\",\"target\":{\"@type\":\"EntryPoint\",\"urlTemplate\":\"https:\\\/\\\/pantr.ch\\\/?s={search_term_string}\"},\"query-input\":{\"@type\":\"PropertyValueSpecification\",\"valueRequired\":true,\"valueName\":\"search_term_string\"}}],\"inLanguage\":\"en-US\"},{\"@type\":\"Organization\",\"@id\":\"https:\\\/\\\/pantr.ch\\\/#organization\",\"name\":\"Pantr GmbH\",\"url\":\"https:\\\/\\\/pantr.ch\\\/\",\"logo\":{\"@type\":\"ImageObject\",\"inLanguage\":\"en-US\",\"@id\":\"https:\\\/\\\/pantr.ch\\\/#\\\/schema\\\/logo\\\/image\\\/\",\"url\":\"https:\\\/\\\/pantr.ch\\\/wp-content\\\/uploads\\\/2025\\\/12\\\/PANTR_WORDMARK-ORANGE-1-scaled.png\",\"contentUrl\":\"https:\\\/\\\/pantr.ch\\\/wp-content\\\/uploads\\\/2025\\\/12\\\/PANTR_WORDMARK-ORANGE-1-scaled.png\",\"width\":2560,\"height\":258,\"caption\":\"Pantr GmbH\"},\"image\":{\"@id\":\"https:\\\/\\\/pantr.ch\\\/#\\\/schema\\\/logo\\\/image\\\/\"},\"sameAs\":[\"https:\\\/\\\/www.instagram.com\\\/pantr.work\\\/\",\"https:\\\/\\\/ch.linkedin.com\\\/company\\\/pantr-works\"]}]}<\/script>\n<!-- \/ Yoast SEO plugin. -->","yoast_head_json":{"title":"Impressum - pantr.ch","robots":{"index":"index","follow":"follow","max-snippet":"max-snippet:-1","max-image-preview":"max-image-preview:large","max-video-preview":"max-video-preview:-1"},"canonical":"https:\/\/pantr.ch\/en\/impressum\/","og_locale":"en_US","og_type":"article","og_title":"Impressum - pantr.ch","og_description":"Pantr GmbH Bahnhofstrasse 7 6300 Zug Schweiz E-Mail: info@pantr.ch Telefon: +41 520 14 00 \u00a0 Vertreten durch die Gesch\u00e4ftsf\u00fchrung Eingetragen im Handelsregister des Kantons Zug \u00a0 Handelsregisternummer: CHE-325.013.948 Mehrwertsteuernummer: in Anmeldung \u00a0 Haftungsausschluss Die Inhalte dieser Website wurden mit gr\u00f6sster Sorgfalt erstellt. F\u00fcr die Richtigkeit, Vollst\u00e4ndigkeit und Aktualit\u00e4t der Inhalte \u00fcbernehmen wir keine Gew\u00e4hr. Trotz","og_url":"https:\/\/pantr.ch\/en\/impressum\/","og_site_name":"pantr.ch","article_modified_time":"2026-04-01T07:12:47+00:00","twitter_card":"summary_large_image","twitter_misc":{"Est. reading time":"1 minute"},"schema":{"@context":"https:\/\/schema.org","@graph":[{"@type":"WebPage","@id":"https:\/\/pantr.ch\/impressum\/","url":"https:\/\/pantr.ch\/impressum\/","name":"Impressum - pantr.ch","isPartOf":{"@id":"https:\/\/pantr.ch\/#website"},"datePublished":"2026-02-25T17:02:11+00:00","dateModified":"2026-04-01T07:12:47+00:00","breadcrumb":{"@id":"https:\/\/pantr.ch\/impressum\/#breadcrumb"},"inLanguage":"en-US","potentialAction":[{"@type":"ReadAction","target":["https:\/\/pantr.ch\/impressum\/"]}]},{"@type":"BreadcrumbList","@id":"https:\/\/pantr.ch\/impressum\/#breadcrumb","itemListElement":[{"@type":"ListItem","position":1,"name":"Start","item":"https:\/\/pantr.ch\/"},{"@type":"ListItem","position":2,"name":"Impressum"}]},{"@type":"WebSite","@id":"https:\/\/pantr.ch\/#website","url":"https:\/\/pantr.ch\/","name":"pantr.ch","description":"","publisher":{"@id":"https:\/\/pantr.ch\/#organization"},"potentialAction":[{"@type":"SearchAction","target":{"@type":"EntryPoint","urlTemplate":"https:\/\/pantr.ch\/?s={search_term_string}"},"query-input":{"@type":"PropertyValueSpecification","valueRequired":true,"valueName":"search_term_string"}}],"inLanguage":"en-US"},{"@type":"Organization","@id":"https:\/\/pantr.ch\/#organization","name":"Pantr GmbH","url":"https:\/\/pantr.ch\/","logo":{"@type":"ImageObject","inLanguage":"en-US","@id":"https:\/\/pantr.ch\/#\/schema\/logo\/image\/","url":"https:\/\/pantr.ch\/wp-content\/uploads\/2025\/12\/PANTR_WORDMARK-ORANGE-1-scaled.png","contentUrl":"https:\/\/pantr.ch\/wp-content\/uploads\/2025\/12\/PANTR_WORDMARK-ORANGE-1-scaled.png","width":2560,"height":258,"caption":"Pantr GmbH"},"image":{"@id":"https:\/\/pantr.ch\/#\/schema\/logo\/image\/"},"sameAs":["https:\/\/www.instagram.com\/pantr.work\/","https:\/\/ch.linkedin.com\/company\/pantr-works"]}]}},"_hostinger_reach_plugin_has_subscription_block":false,"_hostinger_reach_plugin_is_elementor":false,"uagb_featured_image_src":{"full":false,"thumbnail":false,"medium":false,"medium_large":false,"large":false,"1536x1536":false,"2048x2048":false,"trp-custom-language-flag":false,"solace-single2":false,"solace-single-default":false,"solace-default-blog":false,"solace-related-posts":false,"solace-wc-shop-layout3-layout4-layout6":false,"solace-blog":false},"uagb_author_info":{"display_name":"Sophie Reimer","author_link":"https:\/\/pantr.ch\/en\/author\/sophie\/"},"uagb_comment_info":0,"uagb_excerpt":"Pantr GmbH Bahnhofstrasse 7 6300 Zug Schweiz E-Mail: info@pantr.ch Telefon: +41 520 14 00 \u00a0 Vertreten durch die Gesch\u00e4ftsf\u00fchrung Eingetragen im Handelsregister des Kantons Zug \u00a0 Handelsregisternummer: CHE-325.013.948 Mehrwertsteuernummer: in Anmeldung \u00a0 Haftungsausschluss Die Inhalte dieser Website wurden mit gr\u00f6sster Sorgfalt erstellt. F\u00fcr die Richtigkeit, Vollst\u00e4ndigkeit und Aktualit\u00e4t der Inhalte \u00fcbernehmen wir keine Gew\u00e4hr. Trotz","_links":{"self":[{"href":"https:\/\/pantr.ch\/en\/wp-json\/wp\/v2\/pages\/1692","targetHints":{"allow":["GET"]}}],"collection":[{"href":"https:\/\/pantr.ch\/en\/wp-json\/wp\/v2\/pages"}],"about":[{"href":"https:\/\/pantr.ch\/en\/wp-json\/wp\/v2\/types\/page"}],"author":[{"embeddable":true,"href":"https:\/\/pantr.ch\/en\/wp-json\/wp\/v2\/users\/2"}],"replies":[{"embeddable":true,"href":"https:\/\/pantr.ch\/en\/wp-json\/wp\/v2\/comments?post=1692"}],"version-history":[{"count":19,"href":"https:\/\/pantr.ch\/en\/wp-json\/wp\/v2\/pages\/1692\/revisions"}],"predecessor-version":[{"id":2356,"href":"https:\/\/pantr.ch\/en\/wp-json\/wp\/v2\/pages\/1692\/revisions\/2356"}],"wp:attachment":[{"href":"https:\/\/pantr.ch\/en\/wp-json\/wp\/v2\/media?parent=1692"}],"curies":[{"name":"wp","href":"https:\/\/api.w.org\/{rel}","templated":true}]}}